{"id":1052,"date":"2018-05-24T15:39:54","date_gmt":"2018-05-24T15:39:54","guid":{"rendered":"http:\/\/www.dr-marion-lauer.de\/?page_id=1052"},"modified":"2023-02-15T08:13:42","modified_gmt":"2023-02-15T08:13:42","slug":"impressum","status":"publish","type":"page","link":"https:\/\/www.dr-marion-lauer.de\/index.php\/impressum\/","title":{"rendered":"Impressum"},"content":{"rendered":"<p>Praxis Dr. med. Marion Lauer<br \/>\nFach\u00e4rztin f\u00fcr Dermatologie, Venerologie und Allergologie<br \/>\nDaniel-Brendel-Stra\u00dfe 2<br \/>\n55127 Mainz-Drais<br \/>\nTel: 06131 9087891<br \/>\nFax: 06131 9087892<br \/>\nE-Mail: <a href=\"mailto:info@dr-marion-lauer.de\">info@dr-marion-lauer.de<\/a><br \/>\n<a href=\"http:\/\/www.dr-marion-lauer.de\">www.dr-marion-lauer.de<\/a><\/p>\n<p><strong>Gesetzliche Berufsbezeichnung:<\/strong> Arzt<\/p>\n<p><strong>Fachrichtungen:<\/strong> Dermatologie, Venerologie und Allergologie<\/p>\n<p><strong>Staat, in dem die Berufsbezeichnung erworben wurde:<\/strong> Deutschland<\/p>\n<p><strong>Zust\u00e4ndige Approbationsbeh\u00f6rde:<\/strong><br \/>\nLandesamt f\u00fcr Soziales, Jugend und Versorgung Rheinland-Pfalz<br \/>\nBaedekerstra\u00dfe 2<br \/>\n56073 Koblenz<br \/>\nTel.: 02 61 40 41-0<br \/>\n<a href=\"http:\/\/www.lsjv.de\">www.lsjv.de<\/a><\/p>\n<p><strong>Zust\u00e4ndige \u00c4rztekammern:<\/strong><br \/>\nLandes\u00e4rztekammer Rheinland-Pfalz<br \/>\n<a href=\"http:\/\/www.laek-rlp.de\">www.laek-rlp.de<\/a><\/p>\n<p>Bezirks\u00e4rztekammer Rheinhessen<br \/>\nHegelstra\u00dfe 61<br \/>\n55122 Mainz<br \/>\nTel.: 0 61 31 38 69-0<br \/>\n<a href=\"http:\/\/www.aerztekammer-mainz.de\">www.aerztekammer-mainz.de<\/a><\/p>\n<p>&nbsp;<\/p>\n<p><strong>Berufsordnung:<\/strong><br \/>\nBerufsordnung f\u00fcr die \u00c4rztinnen und \u00c4rzte in Rheinland-Pfalz (www.laek-rlp.de)<br \/>\nHeilberufsgesetz des Landes Rheinland-Pfalz HeilBG (www.laek-rlp.de)<br \/>\nWeiterbildungsordnung f\u00fcr die \u00c4rztinnen und \u00c4rzte in Rheinland Pfalz (www.aerztekammer-mainz.de)<\/p>\n<p>Inhaltlich Verantwortlicher f\u00fcr redaktionelle Inhalte der Webseite gem\u00e4\u00df \u00a7 5 Abs. 1 TMG ist Dr. med. Marion Lauer.<\/p>\n<p>Haftungshinweis: Trotz sorgf\u00e4ltiger inhaltlicher Kontrolle \u00fcbernehmen wir keine Haftung f\u00fcr die Inhalte externer Links. F\u00fcr den Inhalt der verlinkten Seiten sind ausschlie\u00dflich deren Betreiber verantwortlich.<\/p>\n<p><strong>Design und Umsetzung dieser Internetseite:<\/strong><br \/>\npraxis web design<br \/>\nAlexander Kissel<br \/>\nAdolf-Gerhard-Str. 1<br \/>\n55128 Mainz<br \/>\n<a href=\"http:\/\/www.praxis-web-design.de\">www.praxis-web-design.de<\/a><\/p>\n","protected":false},"excerpt":{"rendered":"<p>Praxis Dr. med. Marion Lauer Fach\u00e4rztin f\u00fcr Dermatologie, Venerologie und Allergologie Daniel-Brendel-Stra\u00dfe 2 55127 Mainz-Drais Tel: 06131 9087891 Fax: 06131 9087892 E-Mail: info@dr-marion-lauer.de www.dr-marion-lauer.de Gesetzliche Berufsbezeichnung: Arzt Fachrichtungen: Dermatologie, Venerologie und Allergologie Staat, in dem die Berufsbezeichnung erworben wurde: Deutschland Zust\u00e4ndige Approbationsbeh\u00f6rde: Landesamt f\u00fcr Soziales, Jugend und Versorgung Rheinland-Pfalz Baedekerstra\u00dfe 2 56073 Koblenz Tel.: 02 [&hellip;]<\/p>\n","protected":false},"author":1,"featured_media":0,"parent":0,"menu_order":0,"comment_status":"closed","ping_status":"closed","template":"","meta":{"ngg_post_thumbnail":0,"footnotes":""},"_links":{"self":[{"href":"https:\/\/www.dr-marion-lauer.de\/index.php\/wp-json\/wp\/v2\/pages\/1052"}],"collection":[{"href":"https:\/\/www.dr-marion-lauer.de\/index.php\/wp-json\/wp\/v2\/pages"}],"about":[{"href":"https:\/\/www.dr-marion-lauer.de\/index.php\/wp-json\/wp\/v2\/types\/page"}],"author":[{"embeddable":true,"href":"https:\/\/www.dr-marion-lauer.de\/index.php\/wp-json\/wp\/v2\/users\/1"}],"replies":[{"embeddable":true,"href":"https:\/\/www.dr-marion-lauer.de\/index.php\/wp-json\/wp\/v2\/comments?post=1052"}],"version-history":[{"count":10,"href":"https:\/\/www.dr-marion-lauer.de\/index.php\/wp-json\/wp\/v2\/pages\/1052\/revisions"}],"predecessor-version":[{"id":1646,"href":"https:\/\/www.dr-marion-lauer.de\/index.php\/wp-json\/wp\/v2\/pages\/1052\/revisions\/1646"}],"wp:attachment":[{"href":"https:\/\/www.dr-marion-lauer.de\/index.php\/wp-json\/wp\/v2\/media?parent=1052"}],"curies":[{"name":"wp","href":"https:\/\/api.w.org\/{rel}","templated":true}]}}