{"id":1067,"date":"2018-05-25T10:03:38","date_gmt":"2018-05-25T10:03:38","guid":{"rendered":"http:\/\/www.dr-marion-lauer.de\/?page_id=1067"},"modified":"2022-10-23T12:28:08","modified_gmt":"2022-10-23T12:28:08","slug":"datenschutzerklarung","status":"publish","type":"page","link":"https:\/\/www.dr-marion-lauer.de\/index.php\/datenschutzerklarung\/","title":{"rendered":"Datenschutzerkl\u00e4rung"},"content":{"rendered":"<p>Der Schutz Ihrer personenbezogenen Daten ist uns wichtig. Wir m\u00f6chten Sie deshalb hier dar\u00fcber aufkl\u00e4ren, welche Daten wir speichern, wenn Sie unsere Website besuchen, warum wir das tun und wann die Daten wieder gel\u00f6scht werden. Personenbezogene Daten sind alle Informationen zu einer namentlich genannten oder identifizierbaren Person. Hierzu geh\u00f6ren etwa der Name, die Adresse oder Telefonnummer, aber auch die IP-Adresse des Rechners, mit dem Sie unsere Website aufrufen.<\/p>\n<p><strong>Verantwortlicher<\/strong><br \/>\nF\u00fcr die Verarbeitung von Daten, die auf unserer Website erhoben werden, ist Dr. Marion Lauer verantwortlich.<\/p>\n<p><strong>Datenschutzbeauftragter<\/strong><br \/>\nKontaktdaten unseres Datenschutzbeauftragten:<\/p>\n<p>Dr. Marion Lauer<br \/>\nDaniel-Brendel-Stra\u00dfe 2<br \/>\n55127 Mainz<br \/>\nTelefon: 06131 9087891<br \/>\nE-Mail: info@dr-marion-lauer.de<\/p>\n<p><strong>Technische Daten<\/strong><br \/>\nWenn Sie unsere Website aufrufen, werden allgemeine Daten und Informationen in den Logfiles des Servers gespeichert. Erfasst werden dabei unter Umst\u00e4nden folgende Daten:<\/p>\n<ul>\n<li>Informationen \u00fcber den Browsertyp und die verwendete Version<\/li>\n<li>Das Betriebssystem des Nutzers<\/li>\n<li>Den Internet-Service-Provider des Nutzers<\/li>\n<li>Die IP-Adresse des Nutzers<\/li>\n<li>Datum und Uhrzeit des Zugriffs<\/li>\n<li>Websites, von denen das System des Nutzers auf unsere Internetseite gelangt<\/li>\n<li>Websites, die vom System des Nutzers \u00fcber unsere Website aufgerufen werden<\/li>\n<\/ul>\n<p>Bei der Nutzung dieser allgemeinen Daten und Informationen ziehen wir keine R\u00fcckschl\u00fcsse auf die betroffene Person. Die Erhebung der Daten ist technisch notwendig, um von Ihnen angeforderte Inhalte von Webseiten korrekt auszuliefern und fallen bei Nutzung des Internets zwingend an. Die anonymen Daten der Server-Logfiles werden getrennt von allen anderen durch eine betroffene Person wom\u00f6glich an anderer Stelle eingegebenen personenbezogenen Daten gespeichert.<\/p>\n<p>Die Verarbeitung erfolgt auf der Grundlage von Art. 6 lit. b DSGVO.<\/p>\n<p>Die zuvor beschriebenen technischen Daten werden gel\u00f6scht, sobald Sie die Website verlassen. Etwas anderes gilt nur dann, wenn wir Sie in der vorliegenden Datenschutzerkl\u00e4rung dar\u00fcber aufkl\u00e4ren, dass die Daten wom\u00f6glich f\u00fcr andere Zwecke (etwa f\u00fcr eine Analyse) noch ben\u00f6tigt werden.<\/p>\n<p>Die Bereitstellung dieser technischen Daten ist weder gesetzlich noch vertraglich vorgeschrieben oder f\u00fcr einen Vertragsabschluss erforderlich. Sie sind nicht verpflichtet, die personenbezogenen Daten bereitzustellen. Wenn Ihr System die erforderlichen Informationen nicht oder nicht vollst\u00e4ndig zur Verf\u00fcgung stellt, kann das dazu f\u00fchren, dass unsere Website nicht oder nicht vollst\u00e4ndig aufgerufen werden kann.<\/p>\n<p><strong>Cookies<\/strong><br \/>\nF\u00fcr unseren Internetauftritt nutzen wir Session Cookies. Cookies sind Textdateien, die im Rahmen Ihres Besuchs unserer Internetseiten von unserem Webserver an Ihren Browser gesandt und von diesem auf Ihrem Rechner f\u00fcr einen sp\u00e4teren Abruf vorgehalten werden. Ihr Name wird dabei nicht \u00fcbermittelt.<\/p>\n<p>Ob wir Cookies einsetzen k\u00f6nnen, k\u00f6nnen Sie durch die Einstellungen in Ihrem Browser selbst bestimmen. Sie k\u00f6nnen in Ihrem Browser das Speichern von Cookies vollst\u00e4ndig deaktivieren, es auf bestimmte Websites beschr\u00e4nken oder Ihren Browser so konfigurieren, dass er Sie automatisch benachrichtigt, sobald ein Cookie gesetzt werden soll.<\/p>\n<p>Eine Erhebung oder Speicherung personenbezogener Daten in Cookies findet in diesem Zusammenhang durch uns nicht statt. Bei den von uns eingesetzten Cookies handelt es sich ausschlie\u00dflich um sogenannte Session-Cookies, die ein Tracking des Nutzungsverhaltens nicht erm\u00f6glichen. Wir setzen auch keine Techniken ein, die durch Cookies anfallende Informationen \u2013 etwa die IP-Adresse \u2013 mit Nutzerdaten verbinden.<\/p>\n<p>Die Verarbeitung erfolgt auf der Grundlage von Art. 6 Abs. 1 b DSGVO.<\/p>\n<p>Soweit Cookies von uns eingesetzt werden, werden sie beim Beenden der Browsersitzung automatisch gel\u00f6scht. Detaillierte Informationen zu den von uns eingesetzten Cookies k\u00f6nnen Sie Ihrem Browser entnehmen. Cookies lassen sich zudem \u00fcber eine von Ihrem Browser bereitgestellte L\u00f6schfunktion von Ihrem System manuell entfernen.<\/p>\n<p>Der Einsatz von Cookies ist weder gesetzlich noch vertraglich vorgeschrieben und f\u00fcr einen Vertragsabschluss auch nicht erforderlich. Sie sind nicht verpflichtet, die personenbezogenen Daten bereitzustellen. Wenn Sie allerdings den Einsatz von Cookies nicht zulassen, kann das dazu f\u00fchren, dass einige Funktionen der Website nicht oder nicht richtig funktionieren und\/oder bestimmte Inhalte nicht oder nicht richtig angezeigt werden.<\/p>\n<p><strong>Auskunfts-, Berichtigungs- und L\u00f6schungsrecht<\/strong><br \/>\nSie k\u00f6nnen von uns Auskunft dar\u00fcber verlangen, welche personenbezogenen Daten wir zu Ihrer Person gespeichert haben und was wir mit diesen Daten tun. Wenn Daten falsch erfasst wurden, haben Sie Anspruch darauf, dass sie berichtigt werden. Sie k\u00f6nnen auch verlangen, dass solche Daten gel\u00f6scht oder nur f\u00fcr bestimmte Zwecke verwendet werden d\u00fcrfen. Auf Ihren Wunsch hin stellen wir Ihnen die hier gespeicherten Daten auch zur Verf\u00fcgung oder \u00fcbermitteln sie an einen von Ihnen benannten Dritten.<\/p>\n<p><strong>Widerruf der Einwilligung<\/strong><br \/>\nWenn wir personenbezogene Daten verarbeiten, weil sie uns ausdr\u00fccklich die Einwilligung dazu erteilt haben, k\u00f6nnen Sie diese Einwilligung jederzeit widerrufen.<\/p>\n<p><strong>Beschwerderecht<\/strong><br \/>\nSie k\u00f6nnen sich bei einer Aufsichtsbeh\u00f6rde beschweren. Die f\u00fcr unseren Praxissitz \u00f6rtlich zust\u00e4ndige Aufsichtsbeh\u00f6rde ist die Landesbeauftragte f\u00fcr den Datenschutz und die Informationsfreiheit Rheinland-Pfalz,<br \/>\nHintere Bleiche 34, 55116 Mainz.<\/p>\n<p><strong>Sicherheit und Datenverschl\u00fcsselung<\/strong><br \/>\nUnsere Praxis setzt technische und organisatorische Sicherheitsma\u00dfnahmen ein, um Ihre durch uns verwalteten Daten gegen zuf\u00e4llige oder vors\u00e4tzliche Manipulationen, Verlust, Zerst\u00f6rung oder gegen den Zugriff unberechtigter Personen zu sch\u00fctzen. Unsere Sicherheitsma\u00dfnahmen werden entsprechend der technologischen Entwicklung fortlaufend verbessert.<\/p>\n<p>Immer dann, wenn Sie gebeten werden, Daten \u00fcber sich einzugeben, werden Ihre Daten f\u00fcr die Daten\u00fcbertragung \u00fcber das Internet unter Verwendung der SSL (secure socket layer)-Verschl\u00fcsselung gesch\u00fctzt, so dass sie f\u00fcr Unbefugte nicht zu lesen sind.<\/p>\n<p><strong>Links zu anderen Anbietern<\/strong><br \/>\nBitte beachten Sie, dass unsere Seiten Links zu Webseiten anderer Anbieter enthalten k\u00f6nnen, auf die sich diese Datenschutzerkl\u00e4rung nicht erstreckt.<\/p>\n","protected":false},"excerpt":{"rendered":"<p>Der Schutz Ihrer personenbezogenen Daten ist uns wichtig. Wir m\u00f6chten Sie deshalb hier dar\u00fcber aufkl\u00e4ren, welche Daten wir speichern, wenn Sie unsere Website besuchen, warum wir das tun und wann die Daten wieder gel\u00f6scht werden. Personenbezogene Daten sind alle Informationen zu einer namentlich genannten oder identifizierbaren Person. Hierzu geh\u00f6ren etwa der Name, die Adresse oder [&hellip;]<\/p>\n","protected":false},"author":1,"featured_media":0,"parent":0,"menu_order":0,"comment_status":"closed","ping_status":"closed","template":"","meta":{"ngg_post_thumbnail":0,"footnotes":""},"_links":{"self":[{"href":"https:\/\/www.dr-marion-lauer.de\/index.php\/wp-json\/wp\/v2\/pages\/1067"}],"collection":[{"href":"https:\/\/www.dr-marion-lauer.de\/index.php\/wp-json\/wp\/v2\/pages"}],"about":[{"href":"https:\/\/www.dr-marion-lauer.de\/index.php\/wp-json\/wp\/v2\/types\/page"}],"author":[{"embeddable":true,"href":"https:\/\/www.dr-marion-lauer.de\/index.php\/wp-json\/wp\/v2\/users\/1"}],"replies":[{"embeddable":true,"href":"https:\/\/www.dr-marion-lauer.de\/index.php\/wp-json\/wp\/v2\/comments?post=1067"}],"version-history":[{"count":17,"href":"https:\/\/www.dr-marion-lauer.de\/index.php\/wp-json\/wp\/v2\/pages\/1067\/revisions"}],"predecessor-version":[{"id":1401,"href":"https:\/\/www.dr-marion-lauer.de\/index.php\/wp-json\/wp\/v2\/pages\/1067\/revisions\/1401"}],"wp:attachment":[{"href":"https:\/\/www.dr-marion-lauer.de\/index.php\/wp-json\/wp\/v2\/media?parent=1067"}],"curies":[{"name":"wp","href":"https:\/\/api.w.org\/{rel}","templated":true}]}}