{"id":1622,"date":"2023-02-14T17:53:21","date_gmt":"2023-02-14T17:53:21","guid":{"rendered":"https:\/\/www.dr-marion-lauer.de\/?page_id=1622"},"modified":"2023-10-20T06:56:25","modified_gmt":"2023-10-20T06:56:25","slug":"foto-finder","status":"publish","type":"page","link":"https:\/\/www.dr-marion-lauer.de\/index.php\/foto-finder\/","title":{"rendered":"Foto Finder"},"content":{"rendered":"\n<p><strong>Ganz HAUT liche Dokumentation zur Hautkrebsfr\u00fcherkennung.<\/strong><\/p>\n\n\n\n<ul>\n<li>Muttermale im Zeitverlauf dokumentieren<\/li>\n<\/ul>\n\n\n\n<ul>\n<li>geringe Ver\u00e4nderungen k\u00f6nnen zum fr\u00fchst m\u00f6glichen Zeitpunkt erkannt werden <\/li>\n\n\n\n<li>unn\u00f6tige Operationen und damit verbundene unsch\u00f6ne Narben k\u00f6nnen vermieden werden<\/li>\n<\/ul>\n\n\n\n<p>Der Foto Finder ist eine Kombination aus Ganzk\u00f6rperfotografie und Dermatoskopie, mit der M\u00f6glichkeit zur Unterst\u00fctzung durch k\u00fcnstliche Intelligenz.<\/p>\n\n\n\n<figure class=\"wp-block-embed is-type-video is-provider-youtube wp-block-embed-youtube wp-embed-aspect-16-9 wp-has-aspect-ratio\"><div class=\"wp-block-embed__wrapper\">\n<iframe loading=\"lazy\" title=\"K\u00fcnstliche Intelligenz in der Hautkrebsvorsorge - mit deutschen Untertiteln\" width=\"960\" height=\"540\" src=\"https:\/\/www.youtube.com\/embed\/PRtp1MwRizQ?feature=oembed\" frameborder=\"0\" allow=\"accelerometer; autoplay; clipboard-write; encrypted-media; gyroscope; picture-in-picture; web-share\" allowfullscreen><\/iframe>\n<\/div><\/figure>\n","protected":false},"excerpt":{"rendered":"<p>Ganz HAUT liche Dokumentation zur Hautkrebsfr\u00fcherkennung. Der Foto Finder ist eine Kombination aus Ganzk\u00f6rperfotografie und Dermatoskopie, mit der M\u00f6glichkeit zur Unterst\u00fctzung durch k\u00fcnstliche Intelligenz.<\/p>\n","protected":false},"author":1,"featured_media":0,"parent":0,"menu_order":0,"comment_status":"closed","ping_status":"closed","template":"","meta":{"ngg_post_thumbnail":0,"footnotes":""},"_links":{"self":[{"href":"https:\/\/www.dr-marion-lauer.de\/index.php\/wp-json\/wp\/v2\/pages\/1622"}],"collection":[{"href":"https:\/\/www.dr-marion-lauer.de\/index.php\/wp-json\/wp\/v2\/pages"}],"about":[{"href":"https:\/\/www.dr-marion-lauer.de\/index.php\/wp-json\/wp\/v2\/types\/page"}],"author":[{"embeddable":true,"href":"https:\/\/www.dr-marion-lauer.de\/index.php\/wp-json\/wp\/v2\/users\/1"}],"replies":[{"embeddable":true,"href":"https:\/\/www.dr-marion-lauer.de\/index.php\/wp-json\/wp\/v2\/comments?post=1622"}],"version-history":[{"count":8,"href":"https:\/\/www.dr-marion-lauer.de\/index.php\/wp-json\/wp\/v2\/pages\/1622\/revisions"}],"predecessor-version":[{"id":1715,"href":"https:\/\/www.dr-marion-lauer.de\/index.php\/wp-json\/wp\/v2\/pages\/1622\/revisions\/1715"}],"wp:attachment":[{"href":"https:\/\/www.dr-marion-lauer.de\/index.php\/wp-json\/wp\/v2\/media?parent=1622"}],"curies":[{"name":"wp","href":"https:\/\/api.w.org\/{rel}","templated":true}]}}