{"id":212,"date":"2013-03-22T18:39:22","date_gmt":"2013-03-22T18:39:22","guid":{"rendered":"http:\/\/emode.premiumthemes.in\/?page_id=212"},"modified":"2023-07-26T08:19:42","modified_gmt":"2023-07-26T08:19:42","slug":"header-image","status":"publish","type":"page","link":"https:\/\/www.dr-marion-lauer.de\/","title":{"rendered":"Startseite"},"content":{"rendered":"<h1 class=\"title_line\"><span> Dr. Marion Lauer &#8211; Haut\u00e4rztin in Mainz. <\/span><\/h1>\n&nbsp;<br \/>\n<h4 class=\"title_line\"><span> Wir wollen, dass Sie sich in Ihrer Haut von Kopf bis Fu\u00df wohlf\u00fchlen.<\/span><\/h4>\n<div class=\"one_half\"><\/div>\n<p><strong>Seit Januar 2023 sind wir eine Privat- und Selbstzahlerpraxis.<\/strong><\/p>\n<p>Bei uns sind alle Patienten herzlich willkommen, Privatpatienten ebenso wie gesetzlich Versicherte als Selbstzahler.<\/p>\n<p>Genie\u00dfen sie die Vorz\u00fcge eines zeitnahen Termins, kurze Wartezeiten in der Praxis sowie mehr Zeit f\u00fcr eine kompetente Beratung und Behandlung.<\/p>\n<p>Die Honorarstellung erfolgt \u00fcber die Geb\u00fchrenodnung f\u00fcr \u00c4rzte &#8211; GO\u00c4.<\/p>\n<p>Eine Auswahl an Preisen finden Sie auf unseren Preislisten.<span style=\"color: #99ccff;\"><a style=\"color: #99ccff;\" href=\"https:\/\/www.dr-marion-lauer.de\/index.php\/preise-der-hautarztpraxis-fuer-gesetzlich-versicherte\/\">http:\/\/Preise<\/a><\/span><\/p>\n<p>Das Kosmetikangebot sowie eine Angebotsliste finden Sie hier <a href=\"https:\/\/www.dr-marion-lauer.de\/index.php\/kosmetik-und-med-fusspflege\/\">Kosmetik und med. Fu\u00dfpflege<\/a><\/p>\n<p>Ihr Team der Praxis Dr. Lauer<\/p>\n<p>&nbsp;<\/p>\n<p>&nbsp;<\/p>\n<p>&nbsp;<\/p>\n<p>&nbsp;<\/p>\n","protected":false},"excerpt":{"rendered":"<p>&nbsp; Seit Januar 2023 sind wir eine Privat- und Selbstzahlerpraxis. Bei uns sind alle Patienten herzlich willkommen, Privatpatienten ebenso wie gesetzlich Versicherte als Selbstzahler. Genie\u00dfen sie die Vorz\u00fcge eines zeitnahen Termins, kurze Wartezeiten in der Praxis sowie mehr Zeit f\u00fcr eine kompetente Beratung und Behandlung. Die Honorarstellung erfolgt \u00fcber die Geb\u00fchrenodnung f\u00fcr \u00c4rzte &#8211; GO\u00c4. [&hellip;]<\/p>\n","protected":false},"author":1,"featured_media":0,"parent":0,"menu_order":0,"comment_status":"open","ping_status":"open","template":"template-home-image.php","meta":{"ngg_post_thumbnail":0,"footnotes":""},"_links":{"self":[{"href":"https:\/\/www.dr-marion-lauer.de\/index.php\/wp-json\/wp\/v2\/pages\/212"}],"collection":[{"href":"https:\/\/www.dr-marion-lauer.de\/index.php\/wp-json\/wp\/v2\/pages"}],"about":[{"href":"https:\/\/www.dr-marion-lauer.de\/index.php\/wp-json\/wp\/v2\/types\/page"}],"author":[{"embeddable":true,"href":"https:\/\/www.dr-marion-lauer.de\/index.php\/wp-json\/wp\/v2\/users\/1"}],"replies":[{"embeddable":true,"href":"https:\/\/www.dr-marion-lauer.de\/index.php\/wp-json\/wp\/v2\/comments?post=212"}],"version-history":[{"count":98,"href":"https:\/\/www.dr-marion-lauer.de\/index.php\/wp-json\/wp\/v2\/pages\/212\/revisions"}],"predecessor-version":[{"id":1695,"href":"https:\/\/www.dr-marion-lauer.de\/index.php\/wp-json\/wp\/v2\/pages\/212\/revisions\/1695"}],"wp:attachment":[{"href":"https:\/\/www.dr-marion-lauer.de\/index.php\/wp-json\/wp\/v2\/media?parent=212"}],"curies":[{"name":"wp","href":"https:\/\/api.w.org\/{rel}","templated":true}]}}