{"id":984,"date":"2018-05-24T14:21:23","date_gmt":"2018-05-24T14:21:23","guid":{"rendered":"http:\/\/www.dr-marion-lauer.de\/?page_id=984"},"modified":"2025-12-11T15:25:25","modified_gmt":"2025-12-11T15:25:25","slug":"team","status":"publish","type":"page","link":"https:\/\/www.dr-marion-lauer.de\/index.php\/team\/","title":{"rendered":"Team"},"content":{"rendered":"<p><img loading=\"lazy\" decoding=\"async\" class=\"alignnone  wp-image-1364\" src=\"https:\/\/www.dr-marion-lauer.de\/wp-content\/uploads\/2022\/06\/dr-med-marion-lauer.jpg\" alt=\"\" width=\"225\" height=\"150\" srcset=\"https:\/\/www.dr-marion-lauer.de\/wp-content\/uploads\/2022\/06\/dr-med-marion-lauer.jpg 1024w, https:\/\/www.dr-marion-lauer.de\/wp-content\/uploads\/2022\/06\/dr-med-marion-lauer-300x200.jpg 300w, https:\/\/www.dr-marion-lauer.de\/wp-content\/uploads\/2022\/06\/dr-med-marion-lauer-768x512.jpg 768w\" sizes=\"(max-width: 225px) 100vw, 225px\" \/><br><b>Dr. Marion Lauer<\/b><br>Fach\u00e4rztin f\u00fcr Dermatologie, Venerologie und Allergologie<\/p>\n<p>Frau Dr. med. Marion Lauer ist Fach\u00e4rztin f\u00fcr Dermatologie, Venerologie und Allergologie. Sie wurde 1972 in Losheim geboren und studierte an der Johannes-Gutenberg-Universit\u00e4t in Mainz Humanmedizin. Anschlie\u00dfend erfolgte die Facharztausbildung an den Dr. Horst-Schmidt-Kliniken Wiesbaden, wo sie auch als Dozentin in der angegliederten Pflegeschule t\u00e4tig war. Sie vervollst\u00e4ndigte ihre Facharztausbildung und Weiterbildung zur Allergologin in der Nordseeklinik Norderney und in der dermatologischen Praxis Dr. Dirting in Hanau.<\/p>\n<p>Zu ihren Schwerpunkten geh\u00f6rt die Hautkrebsvorsorge und -therapie, Allergologie und die \u00e4sthetische Dermatologie, z.B. Entfernung kosmetisch st\u00f6render Hautver\u00e4nderungen, Hautverj\u00fcngung, Ver\u00f6den von Besenreisern und Krampfadern usw.<\/p>\n<p>Seit 2006 ist Frau Dr. Lauer in ihrer eigenen Hautarztpraxis in Mainz-Drais t\u00e4tig.<\/p>\n<p>&nbsp;<\/p>\n<p><img loading=\"lazy\" decoding=\"async\" class=\"alignnone  wp-image-1359\" src=\"https:\/\/www.dr-marion-lauer.de\/wp-content\/uploads\/2022\/06\/Manuela-Rosenbaum.jpg\" alt=\"\" width=\"225\" height=\"150\" srcset=\"https:\/\/www.dr-marion-lauer.de\/wp-content\/uploads\/2022\/06\/Manuela-Rosenbaum.jpg 1024w, https:\/\/www.dr-marion-lauer.de\/wp-content\/uploads\/2022\/06\/Manuela-Rosenbaum-300x200.jpg 300w, https:\/\/www.dr-marion-lauer.de\/wp-content\/uploads\/2022\/06\/Manuela-Rosenbaum-768x512.jpg 768w\" sizes=\"(max-width: 225px) 100vw, 225px\" \/><br><strong>Manuela Rosenbaum<\/strong><br>Medizinische Fachangestellte<\/p>\n<p><span style=\"color: #0000ff;\">Aufgabenbereiche:<\/span><br>Terminvergabe<br>Allergietestungen<br>Fruchts\u00e4ure-Peeling<br>Mikrodermabrasion<br>ColdPlasma<\/p>\n<p>&nbsp;<\/p>\n<p><img loading=\"lazy\" decoding=\"async\" class=\"alignnone  wp-image-1361\" src=\"https:\/\/www.dr-marion-lauer.de\/wp-content\/uploads\/2022\/06\/Astrid-Schommer.jpg\" alt=\"\" width=\"225\" height=\"150\" srcset=\"https:\/\/www.dr-marion-lauer.de\/wp-content\/uploads\/2022\/06\/Astrid-Schommer.jpg 1024w, https:\/\/www.dr-marion-lauer.de\/wp-content\/uploads\/2022\/06\/Astrid-Schommer-300x200.jpg 300w, https:\/\/www.dr-marion-lauer.de\/wp-content\/uploads\/2022\/06\/Astrid-Schommer-768x512.jpg 768w\" sizes=\"(max-width: 225px) 100vw, 225px\" \/><br><strong>Astrid Schommer<\/strong><br>Medizinische Fachangestellte<\/p>\n<p><span style=\"color: #0000ff;\">Aufgabenbereiche:<\/span><br>Terminvergabe<br>Abrechnung<br>Bestellwesen<br>OP-Assistenz<br>Allergietestungen<br>Fruchts\u00e4ure-Peeling<br>Mikrodermabrasion<br>ColdPlasma<\/p>\n<p>&nbsp;<\/p>\n<p><img loading=\"lazy\" decoding=\"async\" class=\"alignnone  wp-image-1362\" src=\"https:\/\/www.dr-marion-lauer.de\/wp-content\/uploads\/2022\/06\/Stefanie-Monje.jpg\" alt=\"\" width=\"225\" height=\"150\" srcset=\"https:\/\/www.dr-marion-lauer.de\/wp-content\/uploads\/2022\/06\/Stefanie-Monje.jpg 1024w, https:\/\/www.dr-marion-lauer.de\/wp-content\/uploads\/2022\/06\/Stefanie-Monje-300x200.jpg 300w, https:\/\/www.dr-marion-lauer.de\/wp-content\/uploads\/2022\/06\/Stefanie-Monje-768x512.jpg 768w\" sizes=\"(max-width: 225px) 100vw, 225px\" \/><br><strong>Stefanie Monj\u00e9<\/strong><br>Medizinische Fachangestellte, staatlich gepr\u00fcfte Kosmetikerin<\/p>\n<p><span style=\"color: #0000ff;\">Aufgabenbereiche:<\/span><\/p>\n<p>Terminvergabe<br>OP-Assistenz<br>Allergietestungen<br>Fruchts\u00e4ure-Peeling<br>Mikrodermabrasion<br>ColdPlasma<\/p>\n<p>&nbsp;<\/p>\n<p><img loading=\"lazy\" decoding=\"async\" class=\"alignleft wp-image-1744 \" src=\"https:\/\/www.dr-marion-lauer.de\/wp-content\/uploads\/2024\/01\/20231020_100100-scaled-e1704877893889-150x150.jpg\" alt=\"\" width=\"170\" height=\"170\"><\/p>\n<p>&nbsp;<\/p>\n<p>&nbsp;<\/p>\n<p>&nbsp;<\/p>\n<p>&nbsp;<\/p>\n<p>&nbsp;<\/p>\n<p><strong>Karen Schulz &#8211; Schlaudraff<\/strong><\/p>\n<p>staatlich anerkannte Kosmetikerin<\/p>\n<p><span style=\"color: #0000ff;\">Aufgabenbereiche:<\/span><\/p>\n<p>klassische Kosmetik, Anti-Age Behandlung<br>Mikrodermabrasion, Aknebehandlung<br>ColdPlasma, Couperose Behandlung<br>medizinische Fu\u00dfpflege und Manik\u00fcre<\/p>\n<p>&nbsp;<\/p>\n<p>&nbsp;<\/p>\n<p><img loading=\"lazy\" decoding=\"async\" class=\"alignleft  wp-image-1823\" src=\"https:\/\/www.dr-marion-lauer.de\/wp-content\/uploads\/2024\/11\/20241104_131459-Kopie-scaled-e1730726140273-150x150.jpg\" alt=\"\" width=\"171\" height=\"171\"><\/p>\n<p>&nbsp;<\/p>\n<p>&nbsp;<\/p>\n<p>&nbsp;<\/p>\n<p>&nbsp;<\/p>\n<p><strong>Amira Sorger&nbsp; &nbsp; &nbsp; &nbsp; &nbsp;<\/strong><\/p>\n<p>staatlich anerkannte Fu\u00dfpflegerin&nbsp;<\/p>\n<p><span style=\"color: #0000ff;\">Aufgabenbereich:<\/span><\/p>\n<p>medizinische Fu\u00dfpflege und Manik\u00fcre&nbsp;<\/p>\n<p><!--more--><\/p>\n<p>&nbsp;<\/p>\n<p><img loading=\"lazy\" decoding=\"async\" class=\"\" src=\"https:\/\/www.dr-marion-lauer.de\/wp-content\/uploads\/2025\/12\/20251007_092436-576x1024.jpg\" alt=\"Dieses Bild hat ein leeres Alt-Attribut. Der Dateiname ist 20251007_092436-576x1024.jpg\" width=\"122\" height=\"217\"><\/p>\n<p><strong><span style=\"color: #000000;\">Tanja Ackermann&nbsp;<\/span><\/strong><\/p>\n<p>staatlich anerkannte Fu\u00dfpflegerin&nbsp;<\/p>\n<p><span style=\"color: #0000ff;\">Aufgabenbereich:<\/span><\/p>\n<p>medizinische Fu\u00dfpflege und Manik\u00fcre<\/p>\n<p>&nbsp;<\/p>\n<p>&nbsp;<\/p>\n<p>&nbsp;<\/p>\n<p>&nbsp;<\/p>\n<p>&nbsp;<\/p>\n<p>&nbsp;<\/p>\n<p>&nbsp;<\/p>\n\n\n<figure class=\"wp-block-gallery has-nested-images columns-default is-cropped wp-block-gallery-1 is-layout-flex wp-block-gallery-is-layout-flex\"><\/figure>\n\n\n\n<figure class=\"wp-block-gallery has-nested-images columns-default is-cropped wp-block-gallery-2 is-layout-flex wp-block-gallery-is-layout-flex\"><\/figure>\n\n\n\n\n\n\n\n\n\n\n\n\n\n\n\n\n\n\n\n\n\n\n\n\n\n\n\n<figure class=\"wp-block-gallery has-nested-images columns-default is-cropped wp-block-gallery-3 is-layout-flex wp-block-gallery-is-layout-flex\">\n<figure class=\"wp-block-image\"><img decoding=\"async\" src=\"blob:https:\/\/www.dr-marion-lauer.de\/9083e09d-bff3-4dc2-88e9-14352c87d29c\" alt=\"\"\/><\/figure>\n<\/figure>\n\n\n\n<figure class=\"wp-block-gallery has-nested-images columns-default is-cropped wp-block-gallery-4 is-layout-flex wp-block-gallery-is-layout-flex\"><\/figure>\n\n\n\n<figure class=\"wp-block-gallery has-nested-images columns-default is-cropped wp-block-gallery-5 is-layout-flex wp-block-gallery-is-layout-flex\"><\/figure>\n\n\n\n\n\n\n\n\n\n\n\n\n\n\n\n\n\n<figure class=\"wp-block-gallery has-nested-images columns-default is-cropped wp-block-gallery-6 is-layout-flex wp-block-gallery-is-layout-flex\"><\/figure>\n\n\n\n<figure class=\"wp-block-gallery has-nested-images columns-default is-cropped wp-block-gallery-7 is-layout-flex wp-block-gallery-is-layout-flex\"><\/figure>\n\n\n\n<figure class=\"wp-block-gallery has-nested-images columns-default is-cropped wp-block-gallery-8 is-layout-flex wp-block-gallery-is-layout-flex\"><\/figure>\n\n\n\n<p><\/p>\n","protected":false},"excerpt":{"rendered":"<p>Dr. Marion LauerFach\u00e4rztin f\u00fcr Dermatologie, Venerologie und Allergologie Frau Dr. med. Marion Lauer ist Fach\u00e4rztin f\u00fcr Dermatologie, Venerologie und Allergologie. Sie wurde 1972 in Losheim geboren und studierte an der Johannes-Gutenberg-Universit\u00e4t in Mainz Humanmedizin. Anschlie\u00dfend erfolgte die Facharztausbildung an den Dr. Horst-Schmidt-Kliniken Wiesbaden, wo sie auch als Dozentin in der angegliederten Pflegeschule t\u00e4tig war. Sie [&hellip;]<\/p>\n","protected":false},"author":1,"featured_media":0,"parent":0,"menu_order":0,"comment_status":"closed","ping_status":"closed","template":"","meta":{"ngg_post_thumbnail":0,"footnotes":""},"_links":{"self":[{"href":"https:\/\/www.dr-marion-lauer.de\/index.php\/wp-json\/wp\/v2\/pages\/984"}],"collection":[{"href":"https:\/\/www.dr-marion-lauer.de\/index.php\/wp-json\/wp\/v2\/pages"}],"about":[{"href":"https:\/\/www.dr-marion-lauer.de\/index.php\/wp-json\/wp\/v2\/types\/page"}],"author":[{"embeddable":true,"href":"https:\/\/www.dr-marion-lauer.de\/index.php\/wp-json\/wp\/v2\/users\/1"}],"replies":[{"embeddable":true,"href":"https:\/\/www.dr-marion-lauer.de\/index.php\/wp-json\/wp\/v2\/comments?post=984"}],"version-history":[{"count":67,"href":"https:\/\/www.dr-marion-lauer.de\/index.php\/wp-json\/wp\/v2\/pages\/984\/revisions"}],"predecessor-version":[{"id":1884,"href":"https:\/\/www.dr-marion-lauer.de\/index.php\/wp-json\/wp\/v2\/pages\/984\/revisions\/1884"}],"wp:attachment":[{"href":"https:\/\/www.dr-marion-lauer.de\/index.php\/wp-json\/wp\/v2\/media?parent=984"}],"curies":[{"name":"wp","href":"https:\/\/api.w.org\/{rel}","templated":true}]}}